{"id":58,"date":"2020-07-20T15:56:42","date_gmt":"2020-07-20T13:56:42","guid":{"rendered":"https:\/\/www.getup.website\/?page_id=58"},"modified":"2020-08-12T18:24:14","modified_gmt":"2020-08-12T16:24:14","slug":"reviews","status":"publish","type":"page","link":"https:\/\/benedettaiacaronipsicologa.it\/index.php\/reviews\/","title":{"rendered":"Attivit\u00e0 cliniche"},"content":{"rendered":"\n<p>Le attivit\u00e0 cliniche da me svolte sono:<\/p>\n\n\n\n<p class=\"has-medium-font-size\"><em><strong>Consulenza psicologica<\/strong><\/em><\/p>\n\n\n\n<p>Nel confronto con particolari situazioni conflittuali di vita, l\u2019individuo pu\u00f2 sentire il bisogno di fare chiarezza. Attraverso lo spazio della consulenza psicologica, lo psicologo offre un\u2019occasione in cui poter \u201cri-pensare\u201d e comprendere la problematica o il momento critico che lo ha indotto a richiedere un aiuto. Servendosi della propria professionalit\u00e0 e rispettando i valori, le risorse personali e la capacit\u00e0 di autodeterminazione del soggetto, il clinico accompagna la persona nella ricerca delle strategie pi\u00f9 idonee alla condizione che sta vivendo. L\u2019obiettivo principale di questa tipologia di intervento \u00e8 quello di accrescere il benessere dell\u2019individuo, attraverso lo sviluppo dell\u2019autoconsapevolezza, la crescita e l\u2019incremento delle risorse personali.<\/p>\n\n\n\n<p>La consulenza psicologica utilizza il colloquio come strumento di conoscenza reciproca tra psicologo e paziente, funzionale ad ottenere un quadro chiaro della situazione vissuta da quest\u2019ultimo, delle sue caratteristiche personali e delle risorse da lui possedute.<\/p>\n\n\n\n<p>La consulenza si articola in un numero limitato di incontri, al termine dei quali la persona pu\u00f2 sentirsi soddisfatta delle nuove strategie risolutive messe in campo e del tipo di adattamento raggiunto. Qualora ci\u00f2 non accada, la consulenza pu\u00f2 evolvere in un percorso di sostegno psicologico o in un percorso psicoterapeutico, opportunamente concordati con l\u2019interessato.<\/p>\n\n\n\n<p class=\"has-medium-font-size\"><em><strong>Sostegno psicologico<\/strong><\/em><\/p>\n\n\n\n<p>Costituisce un percorso di intervento, limitato nel tempo, volto a fornire un supporto emotivo a colui che, trovandosi in un particolare momento di crisi o difficolt\u00e0 esistenziali, lo richiede. La comprensione e la partecipazione empatica dello psicologo nei confronti della sofferenza del paziente costituiscono un sostegno esclusivo ed essenziale per accrescere e migliorare le capacit\u00e0 adattive della persona alla specifica situazione di disagio che lo investe. Obiettivo cardine del sostegno psicologico \u00e8, quindi, quello di accompagnare la persona in un percorso di crescita personale, potenziandone le risorse interne e favorendo un miglioramento del proprio stile di vita.<\/p>\n\n\n\n<p class=\"has-medium-font-size\"><em><strong>Psicoterapia individuale<\/strong><\/em><\/p>\n\n\n\n<p>La psicoterapia \u00e8 un processo di cura della psiche che si realizza unicamente attraverso quella relazione interpersonale che via via viene instaurandosi tra paziente e terapeuta e che si avvale della parola come strumento principe dell\u2019intervento. Attraverso il lavoro psicoterapeutico, l\u2019individuo, giungendo ad una pi\u00f9 profonda conoscenza di s\u00e9 e delle proprie dinamiche relazionali, avr\u00e0 la possibilit\u00e0 di modificare tutti quegli elementi poco funzionali che non gli consentono di stare bene, in quanto amplificatori di vissuti negativi e sofferenze.<\/p>\n\n\n\n<p>La psicoterapia \u00e8 un\u2019esperienza utile e possibile a chiunque senta la necessit\u00e0 di avviare un percorso di cambiamento e costruzione di un \u201csapere su di s\u00e9\u201d. \u00c8, infatti, nel contesto della relazione terapeutica che si realizza quel processo trasformativo dei pensieri e delle emozioni che consente di attenuare e risolvere i sintomi, modificare i modelli comportamentali inadeguati, promuovere lo sviluppo e la crescita positiva della personalit\u00e0.<\/p>\n\n\n\n<p>A differenza della consulenza e del sostegno psicologico, la durata del percorso psicoterapeutico non pu\u00f2 essere definita a priori in quanto questa dipender\u00e0 dalle specifiche necessit\u00e0 che via via emergeranno nel corso del trattamento.<\/p>\n\n\n\n<p class=\"has-medium-font-size\"><em><strong>Psicoterapia di gruppo<\/strong><\/em><\/p>\n\n\n\n<p>La psicoterapia di gruppo \u00e8 una peculiare forma di terapia nella quale un determinato numero di persone si riunisce con l\u2019obiettivo di prestarsi aiuto non soltanto individualmente ma anche reciprocamente. Nel corso della propria esistenza, l\u2019individuo ha sempre preso parte ai gruppi (famiglia, scuola, lavoro ecc\u2026), crescendo all\u2019interno di essi in qualit\u00e0 di essere umano. Fondandosi su questo presupposto, la psicoterapia di gruppo, non solo si rivela utile ad aiutare le persone a conoscersi meglio, ma \u00e8 anche funzionale al perfezionamento delle loro capacit\u00e0 relazionali.<\/p>\n\n\n\n<p>Il gruppo \u00e8 sia un complesso di individualit\u00e0 distinte tra loro, sia un organismo unico, facilitante importanti processi di cambiamento anche relativi all\u2019emancipazione dell\u2019espressivit\u00e0 individuali. Da questo punto di vista, grazie alla stimolazione, da parte del terapeuta, della funzione elaborativa e trasformativa che l\u2019esperienza del gruppo consente, esso costituisce lo spazio affettivo e relazionale nel quale diviene possibile contenere, pensare insieme e trasformare gli elementi portati dai singoli individui (emozioni, vissuti, pensieri, fantasie, sogni). Funzione base del gruppo \u00e8 l\u2019ascolto del disagio di ogni soggetto partecipante, all\u2019interno di un contesto rigoroso, ma empatico, che ne renda possibile la condivisione e la riflessione. Sentirsi ascoltati all\u2019interno del gruppo non solo permette di uscire dalla solitudine e dell\u2019isolamento, ma offre anche ai partecipanti una molteplicit\u00e0 di punti di vista e di nuove attribuzioni di significato della realt\u00e0, che consentiranno, poi, ad ognuno, di veder evolvere le proprie idee e le proprie modalit\u00e0 relazionali in una forma molto pi\u00f9 funzionale agli altri e al personale adattamento al mondo. In tal modo, ogni partecipante al gruppo funge da \u201cspecchio\u201d per gli altri e diviene una risorsa terapeutica in supporto al lavoro del professionista, che comunque \u00e8 sempre presente<\/p>\n","protected":false},"excerpt":{"rendered":"<p>Le attivit\u00e0 cliniche da me svolte sono: Consulenza psicologica Nel confronto con particolari situazioni conflittuali di vita, l\u2019individuo pu\u00f2 sentire il bisogno di fare chiarezza. Attraverso lo spazio della consulenza psicologica, lo psicologo offre un\u2019occasione in cui poter \u201cri-pensare\u201d e comprendere la problematica o il momento critico che lo ha indotto a richiedere un aiuto. &hellip; <\/p>\n<p class=\"link-more\"><a href=\"https:\/\/benedettaiacaronipsicologa.it\/index.php\/reviews\/\" class=\"more-link\">Leggi tutto<span class=\"screen-reader-text\"> &#8220;Attivit\u00e0 cliniche&#8221;<\/span><\/a><\/p>\n","protected":false},"author":1,"featured_media":0,"parent":0,"menu_order":0,"comment_status":"closed","ping_status":"closed","template":"","meta":[],"_links":{"self":[{"href":"https:\/\/benedettaiacaronipsicologa.it\/index.php\/wp-json\/wp\/v2\/pages\/58"}],"collection":[{"href":"https:\/\/benedettaiacaronipsicologa.it\/index.php\/wp-json\/wp\/v2\/pages"}],"about":[{"href":"https:\/\/benedettaiacaronipsicologa.it\/index.php\/wp-json\/wp\/v2\/types\/page"}],"author":[{"embeddable":true,"href":"https:\/\/benedettaiacaronipsicologa.it\/index.php\/wp-json\/wp\/v2\/users\/1"}],"replies":[{"embeddable":true,"href":"https:\/\/benedettaiacaronipsicologa.it\/index.php\/wp-json\/wp\/v2\/comments?post=58"}],"version-history":[{"count":1,"href":"https:\/\/benedettaiacaronipsicologa.it\/index.php\/wp-json\/wp\/v2\/pages\/58\/revisions"}],"predecessor-version":[{"id":203,"href":"https:\/\/benedettaiacaronipsicologa.it\/index.php\/wp-json\/wp\/v2\/pages\/58\/revisions\/203"}],"wp:attachment":[{"href":"https:\/\/benedettaiacaronipsicologa.it\/index.php\/wp-json\/wp\/v2\/media?parent=58"}],"curies":[{"name":"wp","href":"https:\/\/api.w.org\/{rel}","templated":true}]}}