{"id":57,"date":"2020-07-20T15:56:42","date_gmt":"2020-07-20T13:56:42","guid":{"rendered":"https:\/\/www.getup.website\/?page_id=57"},"modified":"2020-07-20T15:56:42","modified_gmt":"2020-07-20T13:56:42","slug":"gallery","status":"publish","type":"page","link":"https:\/\/benedettaiacaronipsicologa.it\/index.php\/gallery\/","title":{"rendered":"Di cosa mi occupo"},"content":{"rendered":"\n<div class=\"wp-block-group\"><div class=\"wp-block-group__inner-container\">\n<p>Chiedere aiuto ad uno psicologo o ad uno psicoterapeuta per affrontare un particolare momento di difficolt\u00e0 che investe le nostre vite, pu\u00f2 spesso apparire una decisione difficile da prendere. Nel compiere questo passo, si pu\u00f2 essere dominati da un profondo senso di vergogna e diffidenza, che, uniti al timore di dover condividere le proprie emozioni e alla paura di essere giudicati, rischiano spesso di farci desistere.<\/p>\n\n\n\n<p>Chiedere aiuto, per\u00f2, non vuol dire ammettere una sconfitta o mostrare di \u201cessere malato\u201d, ma, al contrario, significa avere il coraggio di mettersi in discussione per comprendere i propri disagi.<\/p>\n\n\n\n<p>Come primo passo, ritengo, quindi, fondamentale accogliere la richiesta che la persona mi rivolge e fornirgli uno spazio in cui potersi sentire riconosciuta e accettata nel proprio valore, nel proprio malessere e le proprie paure. In questo spazio, sicuro e privo di giudizi, l\u2019individuo sar\u00e0 accompagnato nell\u2019espressione dei vissuti e stati d\u2019animo e ricever\u00e0 quell\u2019ascolto attento e rispettoso che i suoi racconti meritano di avere.<\/p>\n\n\n\n<p>Allo stesso modo, ritengo, poi, di primaria importanza, favorire il coinvolgimento del paziente (adulto o adolescente) nella definizione degli obiettivi da perseguire e nell\u2019individuazione del percorso pi\u00f9 adatto da intraprendere; una strada che lasci, tuttavia, alla persona il tempo psichico per percorrerla e che non la veda costretta a compiere passi che non \u00e8 ancora emotivamente pronta a fare. Accompagnare il paziente nella scoperta e nella conoscenza di s\u00e9 e del proprio mondo interno \u00e8, infatti, tanto complesso e importante, quanto il consentirgli di farlo secondo l\u2019\u201corologio\u201d della sua psiche.<\/p>\n\n\n\n<p>Attraverso una relazione terapeutica basata sulla fiducia, sul supporto e sulla comprensione, l\u2019individuo avr\u00e0 la possibilit\u00e0 di modificare i propri modelli relazionali disfunzionali e imparer\u00e0 ad utilizzare quelle risorse fin a tale momento inespresse, per fronteggiare in maniera nuova e differente il disagio che sta vivendo. &nbsp;<\/p>\n\n\n\n<p>L\u2019espressione pi\u00f9 libera e autentica di s\u00e9 stessi, attraverso la relazione terapeutica, favorir\u00e0, con il tempo, una riduzione della sofferenza emotiva e una parziale ridefinizione delle problematiche, che potranno, cos\u00ec, essere valutate con una prospettiva differente.<\/p>\n\n\n\n<p><\/p>\n\n\n\n<p><\/p>\n<\/div><\/div>\n\n\n\n<p><\/p>\n","protected":false},"excerpt":{"rendered":"","protected":false},"author":1,"featured_media":0,"parent":0,"menu_order":0,"comment_status":"closed","ping_status":"closed","template":"","meta":[],"_links":{"self":[{"href":"https:\/\/benedettaiacaronipsicologa.it\/index.php\/wp-json\/wp\/v2\/pages\/57"}],"collection":[{"href":"https:\/\/benedettaiacaronipsicologa.it\/index.php\/wp-json\/wp\/v2\/pages"}],"about":[{"href":"https:\/\/benedettaiacaronipsicologa.it\/index.php\/wp-json\/wp\/v2\/types\/page"}],"author":[{"embeddable":true,"href":"https:\/\/benedettaiacaronipsicologa.it\/index.php\/wp-json\/wp\/v2\/users\/1"}],"replies":[{"embeddable":true,"href":"https:\/\/benedettaiacaronipsicologa.it\/index.php\/wp-json\/wp\/v2\/comments?post=57"}],"version-history":[{"count":0,"href":"https:\/\/benedettaiacaronipsicologa.it\/index.php\/wp-json\/wp\/v2\/pages\/57\/revisions"}],"wp:attachment":[{"href":"https:\/\/benedettaiacaronipsicologa.it\/index.php\/wp-json\/wp\/v2\/media?parent=57"}],"curies":[{"name":"wp","href":"https:\/\/api.w.org\/{rel}","templated":true}]}}